{"id":2550,"date":"2022-06-06T01:01:49","date_gmt":"2022-06-05T23:01:49","guid":{"rendered":"https:\/\/www.hyvity.com\/?page_id=2550"},"modified":"2023-01-05T14:27:46","modified_gmt":"2023-01-05T13:27:46","slug":"cong-bo-phap-li","status":"publish","type":"page","link":"https:\/\/www.hyvity.com\/vi\/cong-bo-phap-li\/","title":{"rendered":"C\u00f4ng b\u1ed1 ph\u00e1p l\u00ed"},"content":{"rendered":"\t\t<div data-elementor-type=\"wp-page\" data-elementor-id=\"2550\" class=\"elementor elementor-2550 elementor-48\" data-elementor-post-type=\"page\">\n\t\t\t\t\t\t\t\t\t<section class=\"elementor-section elementor-top-section elementor-element elementor-element-2203d3d elementor-section-boxed elementor-section-height-default elementor-section-height-default\" data-id=\"2203d3d\" data-element_type=\"section\">\n\t\t\t\t\t\t<div class=\"elementor-container elementor-column-gap-no\">\n\t\t\t\t\t<div class=\"elementor-column elementor-col-100 elementor-top-column elementor-element elementor-element-2191568\" data-id=\"2191568\" data-element_type=\"column\">\n\t\t\t<div class=\"elementor-widget-wrap elementor-element-populated\">\n\t\t\t\t\t\t\t\t<div class=\"elementor-element elementor-element-3502a85 elementor-widget elementor-widget-text-editor\" data-id=\"3502a85\" data-element_type=\"widget\" data-widget_type=\"text-editor.default\">\n\t\t\t\t<div class=\"elementor-widget-container\">\n\t\t\t<style>\/*! elementor - v3.18.0 - 08-12-2023 *\/\n.elementor-widget-text-editor.elementor-drop-cap-view-stacked .elementor-drop-cap{background-color:#69727d;color:#fff}.elementor-widget-text-editor.elementor-drop-cap-view-framed .elementor-drop-cap{color:#69727d;border:3px solid;background-color:transparent}.elementor-widget-text-editor:not(.elementor-drop-cap-view-default) .elementor-drop-cap{margin-top:8px}.elementor-widget-text-editor:not(.elementor-drop-cap-view-default) .elementor-drop-cap-letter{width:1em;height:1em}.elementor-widget-text-editor .elementor-drop-cap{float:left;text-align:center;line-height:1;font-size:50px}.elementor-widget-text-editor .elementor-drop-cap-letter{display:inline-block}<\/style>\t\t\t\t<h1><strong>1 &#8211; \u0110i\u1ec1u h\u00e0nh Web<\/strong><\/h1>\n<p>Trang web <a href=\"http:\/\/www.hyvity.com\">www.hyvity.com<\/a> do Hyvity x\u00e2y d\u1ef1ng v\u00e0 qu\u1ea3n l\u00fd, do \u00f4ng Pierre-Marie H\u00e9nin l\u00e0m \u0111\u1ea1i di\u1ec7n.<\/p>\n<p>V\u0103n ph\u00f2ng tr\u1ee5 s\u1edf \u0111\u0103ng k\u00fd \u0111\u01b0\u1ee3c \u0111\u1eb7t t\u1ea1i 16 \u0111\u1ea1i l\u1ed9 Friedland, 75008 Paris, PH\u00c1P.<\/p>\n<p>S\u1ed1 \u0111\u0103ng k\u00fd t\u1ea1i C\u01a1 quan \u0110\u0103ng k\u00fd Th\u01b0\u01a1ng m\u1ea1i v\u00e0 Doanh nghi\u1ec7p Paris: 811 794 445<\/p>\n<p>S\u1ed1 \u0111\u0103ng k\u00fd kinh doanh: 811 794 445 000 15<\/p>\n<h1><strong>2 &#8211; Thi\u1ebft k\u1ebf &amp; Ph\u00e1t tri\u1ec3n Web<\/strong><\/h1>\n<p>Trung t\u00e2m NUDE \u2013 <a href=\"http:\/\/www.nude.eu\">www.nude.eu<\/a><\/p>\n<h1><strong>3 &#8211; Trang ch\u1ee7 l\u01b0u tr\u1eef<\/strong><\/h1>\n<p>Trang web <a href=\"http:\/\/www.hyvity.com\">www.hyvity.com<\/a> \u0111\u01b0\u1ee3c l\u01b0u tr\u1eef b\u1edfi OVH \u2013 2 rue Kellermann 59100 ROUBAIX \u2013 \u0111\u00e3 \u0111\u0103ng k\u00fd v\u1edbi Roubaix RCS theo s\u1ed1 B424 761 419, do \u00f4ng KLABA \u0111\u1ea1i di\u1ec7n \u2013 \u0110i\u1ec7n tho\u1ea1i: 08 203 203 63 \u2013 Trang web: <a href=\"http:\/\/www.ovh.com\">www.ovh.com<\/a><\/p>\n<h1><strong>4 &#8211; S\u1edf h\u1eefu tr\u00ed tu\u1ec7 v\u00e0 \u0111\u1ea1o nh\u00e1i<\/strong><\/h1>\n<p>Hyvity l\u00e0 gi\u1eef quy\u1ec1n s\u1edf h\u1eefu tr\u00ed tu\u1ec7 ho\u1eb7c gi\u1eef quy\u1ec1n s\u1eed d\u1ee5ng \u0111\u1ed1i v\u1edbi t\u1ea5t c\u1ea3 c\u00e1c n\u1ed9i dung c\u00f3 th\u1ec3 truy c\u1eadp tr\u00ean trang web, \u0111\u1eb7c bi\u1ec7t l\u00e0 v\u0103n b\u1ea3n, h\u00ecnh \u1ea3nh, \u0111\u1ed3 h\u1ecda, logo, bi\u1ec3u t\u01b0\u1ee3ng, \u00e2m thanh, ph\u1ea7n m\u1ec1m, ngo\u1ea1i tr\u1eeb c\u00e1c n\u1ed9i dung \u0111\u01b0\u1ee3c \u0111\u1ec1 c\u1eadp trong ph\u1ea7n ch\u00fa th\u00edch v\u1ec1 h\u00ecnh \u1ea3nh b\u00ean d\u01b0\u1edbi.<\/p>\n<p>M\u1ecdi s\u1ef1 sao ch\u00e9p, \u0111\u1ea1i di\u1ec7n, s\u1eeda \u0111\u1ed5i, xu\u1ea5t b\u1ea3n, \u0111i\u1ec1u ch\u1ec9nh ho\u00e0n to\u00e0n ho\u1eb7c m\u1ed9t ph\u1ea7n c\u00e1c n\u1ed9i dung trang web b\u1eb1ng b\u1ea5t k\u1ef3 ph\u01b0\u01a1ng ti\u1ec7n ho\u1eb7c ph\u01b0\u01a1ng th\u1ee9c s\u1eed d\u1ee5ng n\u00e0o \u0111\u1ec1u b\u1ecb c\u1ea5m, tr\u1eeb khi c\u00f3 s\u1ef1 cho ph\u00e9p tr\u01b0\u1edbc b\u1eb1ng v\u0103n b\u1ea3n c\u1ee7a HYVITY.<\/p>\n<p>B\u1ea5t k\u1ef3 vi\u1ec7c s\u1eed d\u1ee5ng tr\u00e1i ph\u00e9p n\u00e0o v\u1edbi trang web ho\u1eb7c m\u1ed9t trong c\u00e1c n\u1ed9i dung c\u1ee7a web s\u1ebd \u0111\u01b0\u1ee3c coi l\u00e0 c\u1ea5u th\u00e0nh h\u00e0nh vi vi ph\u1ea1m v\u00e0 b\u1ecb truy t\u1ed1 theo c\u00e1c \u0111i\u1ec1u kho\u1ea3n c\u1ee7a \u0111i\u1ec1u L.335-2 v\u00e0 tu\u00e2n theo B\u1ed9 lu\u1eadt S\u1edf h\u1eefu Tr\u00ed tu\u1ec7.<\/p>\n<h1><strong>5 &#8211; Gi\u1edbi h\u1ea1n tr\u00e1ch nhi\u1ec7m ph\u00e1p l\u00fd<\/strong><\/h1>\n<p>Hyvity kh\u00f4ng ch\u1ecbu tr\u00e1ch nhi\u1ec7m ph\u00e1p l\u00fd \u0111\u1ed1i v\u1edbi thi\u1ec7t h\u1ea1i tr\u1ef1c ti\u1ebfp ho\u1eb7c gi\u00e1n ti\u1ebfp g\u00e2y ra cho thi\u1ebft b\u1ecb c\u1ee7a kh\u00e1ch truy c\u1eadp khi truy c\u1eadp trang web v\u00e0 do vi\u1ec7c s\u1eed d\u1ee5ng thi\u1ebft b\u1ecb kh\u00f4ng \u0111\u00e1p \u1ee9ng c\u00e1c th\u00f4ng s\u1ed1 k\u1ef9 thu\u1eadt \u0111\u01b0\u1ee3c n\u00eau trong ph\u1ea7n &#8220;Gi\u1edbi h\u1ea1n h\u1ee3p \u0111\u1ed3ng v\u1ec1 d\u1eef li\u1ec7u k\u1ef9 thu\u1eadt&#8221; ho\u1eb7c do s\u1ef1 xu\u1ea5t hi\u1ec7n m\u1ed9t l\u1ed7i ho\u1eb7c m\u1ed9t s\u1ef1 kh\u00f4ng t\u01b0\u01a1ng th\u00edch.<\/p>\n<p>Hyvity c\u0169ng kh\u00f4ng th\u1ec3 ch\u1ecbu tr\u00e1ch nhi\u1ec7m v\u1ec1 thi\u1ec7t h\u1ea1i do h\u1eadu qu\u1ea3 do vi\u1ec7c s\u1eed d\u1ee5ng trang web.<\/p>\n<p>Hyvity c\u1ed1 g\u1eafng h\u1ebft s\u1ee9c \u0111\u1ec3 cung c\u1ea5p cho ng\u01b0\u1eddi d\u00f9ng th\u00f4ng tin v\u00e0\/ho\u1eb7c c\u00f4ng c\u1ee5 c\u00f3 s\u1eb5n v\u00e0 \u0111\u00e3 \u0111\u01b0\u1ee3c x\u00e1c minh nh\u01b0ng kh\u00f4ng th\u1ec3 ch\u1ecbu tr\u00e1ch nhi\u1ec7m v\u1ec1 l\u1ed7i ho\u1eb7c v\u1ec1 s\u1ef1 h\u1ea1n ch\u1ebf kh\u1ea3 d\u1ee5ng tr\u00ean trang web n\u00e0y. HYVITY c\u1ed1 g\u1eafng h\u1ebft s\u1ee9c \u0111\u1ec3 cung c\u1ea5p th\u00f4ng tin c\u1eadp nh\u1eadt, trong ch\u1eebng m\u1ef1c c\u00e1c nh\u00e0 cung c\u1ea5p d\u1ecbch v\u1ee5 truy\u1ec1n \u0111\u1ea1t th\u00f4ng tin li\u00ean quan khi \u0111\u01b0\u1ee3c y\u00eau c\u1ea7u c\u1eadp nh\u1eadt h\u00e0ng n\u0103m.<\/p>\n<h1><strong>6 &#8211; Qu\u1ea3n l\u00fd d\u1eef li\u1ec7u c\u00e1 nh\u00e2n<\/strong><\/h1>\n<p>T\u1ea1i Ph\u00e1p, d\u1eef li\u1ec7u c\u00e1 nh\u00e2n \u0111\u01b0\u1ee3c b\u1ea3o v\u1ec7 theo b\u1ed9 lu\u1eadt s\u1ed1 78-87 ban h\u00e0nh ng\u00e0y 6 th\u00e1ng 1 n\u0103m 1978, lu\u1eadt s\u1ed1 2004-801 ng\u00e0y 6 th\u00e1ng 8 n\u0103m 2004, \u0111i\u1ec1u L. 226-13 c\u1ee7a B\u1ed9 lu\u1eadt H\u00ecnh s\u1ef1, Ch\u1ec9 th\u1ecb chung Ch\u00e2u \u00c2u ng\u00e0y 24 th\u00e1ng 10 n\u0103m 1995 v\u00e0 Quy \u0111\u1ecbnh (EU) 2016\/679 c\u1ee7a Ngh\u1ecb vi\u1ec7n v\u00e0 H\u1ed9i \u0111\u1ed3ng Ch\u00e2u \u00c2u ng\u00e0y 27 th\u00e1ng 4 n\u0103m 2016.<\/p>\n<p>Khi s\u1eed d\u1ee5ng trang web, nh\u1eefng th\u00f4ng tin sau c\u00f3 th\u1ec3 \u0111\u01b0\u1ee3c thu th\u1eadp: URL c\u1ee7a c\u00e1c li\u00ean k\u1ebft m\u00e0 kh\u00e1ch truy c\u1eadp \u0111\u00e3 truy c\u1eadp trang web, nh\u00e0 cung c\u1ea5p quy\u1ec1n truy c\u1eadp c\u1ee7a ng\u01b0\u1eddi d\u00f9ng, \u0111\u1ecba ch\u1ec9 giao th\u1ee9c Internet (IP) c\u1ee7a ng\u01b0\u1eddi d\u00f9ng v\u00e0 khu v\u1ef1c xem.<\/p>\n<p>Trong m\u1ecdi tr\u01b0\u1eddng h\u1ee3p, Hyvity ch\u1ec9 thu th\u1eadp th\u00f4ng tin c\u00e1 nh\u00e2n v\u1ec1 kh\u00e1ch truy c\u1eadp cho nhu c\u1ea7u c\u1ee7a m\u1ed9t s\u1ed1 d\u1ecbch v\u1ee5 do trang web cung c\u1ea5p. Ng\u01b0\u1eddi truy c\u1eadp ho\u00e0n to\u00e0n bi\u1ebft v\u00e0 \u00fd th\u1ee9c r\u00f5 vi\u1ec7c cung c\u1ea5p th\u00f4ng tin n\u00e0y, c\u1ee5 th\u1ec3 l\u00e0 khi ng\u01b0\u1eddi truy c\u1eadp t\u1ef1 m\u00ecnh nh\u1eadp th\u00f4ng tin. Sau \u0111\u00f3, ng\u01b0\u1eddi truy c\u1eadp trang web \u0111\u01b0\u1ee3c cung c\u1ea5p th\u00f4ng tin r\u00f5 r\u00e0ng v\u1ec1 ngh\u0129a v\u1ee5 cung c\u1ea5p ho\u1eb7c kh\u00f4ng cung c\u1ea5p th\u00f4ng tin c\u00e1 nh\u00e2n.<\/p>\n<p>Theo c\u00e1c quy \u0111\u1ecbnh c\u1ee7a \u0111i\u1ec1u 38 v\u00e0 tu\u00e2n theo lu\u1eadt 78-17 ng\u00e0y 6 th\u00e1ng 1 n\u0103m 1978 li\u00ean quan \u0111\u1ebfn x\u1eed l\u00fd d\u1eef li\u1ec7u vi t\u00ednh, t\u1ec7p v\u00e0 quy\u1ec1n t\u1ef1 do, t\u1ea5t c\u1ea3 kh\u00e1ch truy c\u1eadp \u0111\u1ec1u c\u00f3 quy\u1ec1n truy c\u1eadp, ch\u1ec9nh s\u1eeda v\u00e0 ph\u1ea3n \u0111\u1ed1i d\u1eef li\u1ec7u c\u00e1 nh\u00e2n b\u1eb1ng y\u00eau c\u1ea7u b\u1eb1ng v\u0103n b\u1ea3n v\u00e0 c\u00f3 ch\u1eef k\u00fd, k\u00e8m theo b\u1ea3n sao gi\u1ea5y t\u1edd t\u00f9y th\u00e2n c\u00f3 ch\u1eef k\u00fd v\u00e0 ghi r\u00f5 \u0111\u1ecba ch\u1ec9 nh\u1eadn c\u00e2u tr\u1ea3 l\u1eddi.<\/p>\n<p>Khi s\u1eed d\u1ee5ng trang web, nh\u1eefng th\u00f4ng tin sau c\u00f3 th\u1ec3 \u0111\u01b0\u1ee3c thu th\u1eadp: URL c\u1ee7a c\u00e1c li\u00ean k\u1ebft m\u00e0 kh\u00e1ch truy c\u1eadp \u0111\u00e3 truy c\u1eadp trang web, nh\u00e0 cung c\u1ea5p quy\u1ec1n truy c\u1eadp c\u1ee7a ng\u01b0\u1eddi d\u00f9ng, \u0111\u1ecba ch\u1ec9 giao th\u1ee9c Internet (IP) c\u1ee7a ng\u01b0\u1eddi d\u00f9ng v\u00e0 khu v\u1ef1c \u0111\u1ecba l\u00ed c\u1ee7a ng\u01b0\u1eddi d\u00f9ng.<\/p>\n<p>Kh\u00f4ng c\u00f3 th\u00f4ng tin c\u00e1 nh\u00e2n n\u00e0o c\u1ee7a kh\u00e1ch truy c\u1eadp trang web \u0111\u01b0\u1ee3c c\u00f4ng b\u1ed1 m\u00e0 anh ta kh\u00f4ng bi\u1ebft, kh\u00f4ng \u0111\u01b0\u1ee3c trao \u0111\u1ed5i, kh\u00f4ng chuy\u1ec3n giao, kh\u00f4ng ch\u1ec9 \u0111\u1ecbnh ho\u1eb7c b\u00e1n tr\u00ean b\u1ea5t k\u1ef3 ph\u01b0\u01a1ng ti\u1ec7n n\u00e0o cho b\u00ean th\u1ee9 ba. Ch\u1ec9 c\u00f3 gi\u1ea3 \u0111\u1ecbnh mua l\u1ea1i Hyvity v\u00e0 c\u00e1c quy\u1ec1n c\u1ee7a n\u00f3 m\u1edbi cho ph\u00e9p truy\u1ec1n th\u00f4ng tin n\u00f3i tr\u00ean \u0111\u1ebfn ng\u01b0\u1eddi mua ti\u1ec1m n\u0103ng, ng\u01b0\u1eddi s\u1ebd b\u1ecb r\u00e0ng bu\u1ed9c b\u1edfi c\u00f9ng ngh\u0129a v\u1ee5 l\u01b0u tr\u1eef v\u00e0 s\u1eeda \u0111\u1ed5i d\u1eef li\u1ec7u \u0111\u1ed1i v\u1edbi ng\u01b0\u1eddi d\u00f9ng trang web.<\/p>\n<p>Xem trang Ch\u00ednh s\u00e1ch b\u1ea3o m\u1eadt \u0111\u1ec3 bi\u1ebft th\u00eam th\u00f4ng tin.<\/p>\n<h1><strong>7 &#8211; Lu\u1eadt \u00e1p d\u1ee5ng v\u00e0 quy\u1ec1n t\u00e0i ph\u00e1n li\u00ean quan<\/strong><\/h1>\n<p>B\u1ea5t k\u1ef3 tranh ch\u1ea5p n\u00e0o li\u00ean quan \u0111\u1ebfn vi\u1ec7c s\u1eed d\u1ee5ng trang web \u0111\u1ec1u ph\u1ea3i tu\u00e2n theo lu\u1eadt ph\u00e1p c\u1ee7a Ph\u00e1p. V\u00e0 \u0111\u01b0\u1ee3c gi\u1ea3i quy\u1ebft theo quy\u1ec1n t\u00e0i ph\u00e1n \u0111\u1ed9c quy\u1ec1n c\u1ee7a T\u00f2a \u00e1n Th\u01b0\u01a1ng m\u1ea1i Paris.<\/p>\n<p>Lu\u1eadt s\u1ed1 78-87 ng\u00e0y 6 th\u00e1ng 1 n\u0103m 1978, \u0111\u01b0\u1ee3c s\u1eeda \u0111\u1ed5i \u0111\u00e1ng k\u1ec3 b\u1edfi lu\u1eadt s\u1ed1 2004-801 ng\u00e0y 6 th\u00e1ng 8 n\u0103m 2004 li\u00ean quan \u0111\u1ebfn x\u1eed l\u00fd d\u1eef li\u1ec7u, t\u1ec7p v\u00e0 c\u00e1c quy\u1ec1n t\u1ef1 do.<\/p>\n<p>Lu\u1eadt s\u1ed1 2004-575 ng\u00e0y 21 th\u00e1ng 6 n\u0103m 2004 v\u1ec1 tri\u1ec3n v\u1ecdng n\u1ec1n kinh t\u1ebf k\u1ef9 thu\u1eadt s\u1ed1.<\/p>\n<h1><strong>8 &#8211; Quy\u1ec1n h\u00ecnh \u1ea3nh<\/strong><\/h1>\n<p>B\u1ea3n quy\u1ec1n h\u00ecnh \u1ea3nh\u00a9<\/p>\n<p>Shutterstock.com<br \/>France Hydro Electricit\u00e9<\/p>\t\t\t\t\t\t<\/div>\n\t\t\t\t<\/div>\n\t\t\t\t<div class=\"elementor-element elementor-element-101227a elementor-widget-divider--view-line elementor-widget elementor-widget-divider\" data-id=\"101227a\" data-element_type=\"widget\" data-widget_type=\"divider.default\">\n\t\t\t\t<div class=\"elementor-widget-container\">\n\t\t\t<style>\/*! elementor - v3.18.0 - 08-12-2023 *\/\n.elementor-widget-divider{--divider-border-style:none;--divider-border-width:1px;--divider-color:#0c0d0e;--divider-icon-size:20px;--divider-element-spacing:10px;--divider-pattern-height:24px;--divider-pattern-size:20px;--divider-pattern-url:none;--divider-pattern-repeat:repeat-x}.elementor-widget-divider .elementor-divider{display:flex}.elementor-widget-divider .elementor-divider__text{font-size:15px;line-height:1;max-width:95%}.elementor-widget-divider .elementor-divider__element{margin:0 var(--divider-element-spacing);flex-shrink:0}.elementor-widget-divider .elementor-icon{font-size:var(--divider-icon-size)}.elementor-widget-divider .elementor-divider-separator{display:flex;margin:0;direction:ltr}.elementor-widget-divider--view-line_icon .elementor-divider-separator,.elementor-widget-divider--view-line_text .elementor-divider-separator{align-items:center}.elementor-widget-divider--view-line_icon .elementor-divider-separator:after,.elementor-widget-divider--view-line_icon .elementor-divider-separator:before,.elementor-widget-divider--view-line_text .elementor-divider-separator:after,.elementor-widget-divider--view-line_text .elementor-divider-separator:before{display:block;content:\"\";border-bottom:0;flex-grow:1;border-top:var(--divider-border-width) var(--divider-border-style) var(--divider-color)}.elementor-widget-divider--element-align-left .elementor-divider .elementor-divider-separator>.elementor-divider__svg:first-of-type{flex-grow:0;flex-shrink:100}.elementor-widget-divider--element-align-left .elementor-divider-separator:before{content:none}.elementor-widget-divider--element-align-left .elementor-divider__element{margin-left:0}.elementor-widget-divider--element-align-right .elementor-divider .elementor-divider-separator>.elementor-divider__svg:last-of-type{flex-grow:0;flex-shrink:100}.elementor-widget-divider--element-align-right .elementor-divider-separator:after{content:none}.elementor-widget-divider--element-align-right .elementor-divider__element{margin-right:0}.elementor-widget-divider:not(.elementor-widget-divider--view-line_text):not(.elementor-widget-divider--view-line_icon) .elementor-divider-separator{border-top:var(--divider-border-width) var(--divider-border-style) var(--divider-color)}.elementor-widget-divider--separator-type-pattern{--divider-border-style:none}.elementor-widget-divider--separator-type-pattern.elementor-widget-divider--view-line .elementor-divider-separator,.elementor-widget-divider--separator-type-pattern:not(.elementor-widget-divider--view-line) .elementor-divider-separator:after,.elementor-widget-divider--separator-type-pattern:not(.elementor-widget-divider--view-line) .elementor-divider-separator:before,.elementor-widget-divider--separator-type-pattern:not([class*=elementor-widget-divider--view]) .elementor-divider-separator{width:100%;min-height:var(--divider-pattern-height);-webkit-mask-size:var(--divider-pattern-size) 100%;mask-size:var(--divider-pattern-size) 100%;-webkit-mask-repeat:var(--divider-pattern-repeat);mask-repeat:var(--divider-pattern-repeat);background-color:var(--divider-color);-webkit-mask-image:var(--divider-pattern-url);mask-image:var(--divider-pattern-url)}.elementor-widget-divider--no-spacing{--divider-pattern-size:auto}.elementor-widget-divider--bg-round{--divider-pattern-repeat:round}.rtl .elementor-widget-divider .elementor-divider__text{direction:rtl}.e-con-inner>.elementor-widget-divider,.e-con>.elementor-widget-divider{width:var(--container-widget-width,100%);--flex-grow:var(--container-widget-flex-grow)}<\/style>\t\t<div class=\"elementor-divider\">\n\t\t\t<span class=\"elementor-divider-separator\">\n\t\t\t\t\t\t<\/span>\n\t\t<\/div>\n\t\t\t\t<\/div>\n\t\t\t\t<\/div>\n\t\t\t\t\t<\/div>\n\t\t<\/div>\n\t\t\t\t\t\t\t<\/div>\n\t\t<\/section>\n\t\t\t\t\t\t\t<\/div>\n\t\t","protected":false},"excerpt":{"rendered":"<p>1 &#8211; \u0110i\u1ec1u h\u00e0nh Web Trang web www.hyvity.com do Hyvity x\u00e2y d\u1ef1ng v\u00e0 qu\u1ea3n l\u00fd, do \u00f4ng Pierre-Marie H\u00e9nin l\u00e0m \u0111\u1ea1i di\u1ec7n. V\u0103n ph\u00f2ng tr\u1ee5 s\u1edf \u0111\u0103ng k\u00fd \u0111\u01b0\u1ee3c \u0111\u1eb7t t\u1ea1i 16 \u0111\u1ea1i l\u1ed9 Friedland, 75008 Paris, PH\u00c1P. S\u1ed1 \u0111\u0103ng k\u00fd t\u1ea1i C\u01a1 quan \u0110\u0103ng k\u00fd Th\u01b0\u01a1ng m\u1ea1i v\u00e0 Doanh nghi\u1ec7p Paris: 811 794 445 [&hellip;]<\/p>\n","protected":false},"author":3,"featured_media":0,"parent":0,"menu_order":0,"comment_status":"closed","ping_status":"closed","template":"","meta":[],"acf":[],"yoast_head":"<!-- This site is optimized with the Yoast SEO plugin v19.12 - https:\/\/yoast.com\/wordpress\/plugins\/seo\/ -->\n<title>C\u00f4ng b\u1ed1 ph\u00e1p l\u00ed - hyvity<\/title>\n<meta name=\"description\" content=\"1. \u0110i\u1ec1u h\u00e0nh WebTrang web www.hyvity.com do Hyvity x\u00e2y d\u1ef1ng v\u00e0 qu\u1ea3n l\u00fd...\" \/>\n<meta name=\"robots\" content=\"index, follow, max-snippet:-1, max-image-preview:large, max-video-preview:-1\" \/>\n<link rel=\"canonical\" href=\"https:\/\/www.hyvity.com\/vi\/cong-bo-phap-li\/\" \/>\n<meta property=\"og:locale\" content=\"vi_VN\" \/>\n<meta property=\"og:type\" content=\"article\" \/>\n<meta property=\"og:title\" content=\"C\u00f4ng b\u1ed1 ph\u00e1p l\u00ed - hyvity\" \/>\n<meta property=\"og:description\" content=\"1. \u0110i\u1ec1u h\u00e0nh WebTrang web www.hyvity.com do Hyvity x\u00e2y d\u1ef1ng v\u00e0 qu\u1ea3n l\u00fd...\" \/>\n<meta property=\"og:url\" content=\"https:\/\/www.hyvity.com\/vi\/cong-bo-phap-li\/\" \/>\n<meta property=\"og:site_name\" content=\"hyvity\" \/>\n<meta property=\"article:modified_time\" content=\"2023-01-05T13:27:46+00:00\" \/>\n<meta name=\"twitter:card\" content=\"summary_large_image\" \/>\n<meta name=\"twitter:label1\" content=\"Est. reading time\" \/>\n\t<meta name=\"twitter:data1\" content=\"6 minutes\" \/>\n<script type=\"application\/ld+json\" class=\"yoast-schema-graph\">{\"@context\":\"https:\/\/schema.org\",\"@graph\":[{\"@type\":\"WebPage\",\"@id\":\"https:\/\/www.hyvity.com\/vi\/cong-bo-phap-li\/\",\"url\":\"https:\/\/www.hyvity.com\/vi\/cong-bo-phap-li\/\",\"name\":\"C\u00f4ng b\u1ed1 ph\u00e1p l\u00ed - hyvity\",\"isPartOf\":{\"@id\":\"https:\/\/www.hyvity.com\/vi\/#website\"},\"datePublished\":\"2022-06-05T23:01:49+00:00\",\"dateModified\":\"2023-01-05T13:27:46+00:00\",\"description\":\"1. \u0110i\u1ec1u h\u00e0nh WebTrang web www.hyvity.com do Hyvity x\u00e2y d\u1ef1ng v\u00e0 qu\u1ea3n l\u00fd...\",\"breadcrumb\":{\"@id\":\"https:\/\/www.hyvity.com\/vi\/cong-bo-phap-li\/#breadcrumb\"},\"inLanguage\":\"vi-VN\",\"potentialAction\":[{\"@type\":\"ReadAction\",\"target\":[\"https:\/\/www.hyvity.com\/vi\/cong-bo-phap-li\/\"]}]},{\"@type\":\"BreadcrumbList\",\"@id\":\"https:\/\/www.hyvity.com\/vi\/cong-bo-phap-li\/#breadcrumb\",\"itemListElement\":[{\"@type\":\"ListItem\",\"position\":1,\"name\":\"Accueil\",\"item\":\"https:\/\/www.hyvity.com\/vi\/\"},{\"@type\":\"ListItem\",\"position\":2,\"name\":\"C\u00f4ng b\u1ed1 ph\u00e1p l\u00ed\"}]},{\"@type\":\"WebSite\",\"@id\":\"https:\/\/www.hyvity.com\/vi\/#website\",\"url\":\"https:\/\/www.hyvity.com\/vi\/\",\"name\":\"hyvity\",\"description\":\"\",\"potentialAction\":[{\"@type\":\"SearchAction\",\"target\":{\"@type\":\"EntryPoint\",\"urlTemplate\":\"https:\/\/www.hyvity.com\/vi\/?s={search_term_string}\"},\"query-input\":\"required name=search_term_string\"}],\"inLanguage\":\"vi-VN\"}]}<\/script>\n<!-- \/ Yoast SEO plugin. -->","yoast_head_json":{"title":"C\u00f4ng b\u1ed1 ph\u00e1p l\u00ed - hyvity","description":"1. \u0110i\u1ec1u h\u00e0nh WebTrang web www.hyvity.com do Hyvity x\u00e2y d\u1ef1ng v\u00e0 qu\u1ea3n l\u00fd...","robots":{"index":"index","follow":"follow","max-snippet":"max-snippet:-1","max-image-preview":"max-image-preview:large","max-video-preview":"max-video-preview:-1"},"canonical":"https:\/\/www.hyvity.com\/vi\/cong-bo-phap-li\/","og_locale":"vi_VN","og_type":"article","og_title":"C\u00f4ng b\u1ed1 ph\u00e1p l\u00ed - hyvity","og_description":"1. \u0110i\u1ec1u h\u00e0nh WebTrang web www.hyvity.com do Hyvity x\u00e2y d\u1ef1ng v\u00e0 qu\u1ea3n l\u00fd...","og_url":"https:\/\/www.hyvity.com\/vi\/cong-bo-phap-li\/","og_site_name":"hyvity","article_modified_time":"2023-01-05T13:27:46+00:00","twitter_card":"summary_large_image","twitter_misc":{"Est. reading time":"6 minutes"},"schema":{"@context":"https:\/\/schema.org","@graph":[{"@type":"WebPage","@id":"https:\/\/www.hyvity.com\/vi\/cong-bo-phap-li\/","url":"https:\/\/www.hyvity.com\/vi\/cong-bo-phap-li\/","name":"C\u00f4ng b\u1ed1 ph\u00e1p l\u00ed - hyvity","isPartOf":{"@id":"https:\/\/www.hyvity.com\/vi\/#website"},"datePublished":"2022-06-05T23:01:49+00:00","dateModified":"2023-01-05T13:27:46+00:00","description":"1. \u0110i\u1ec1u h\u00e0nh WebTrang web www.hyvity.com do Hyvity x\u00e2y d\u1ef1ng v\u00e0 qu\u1ea3n l\u00fd...","breadcrumb":{"@id":"https:\/\/www.hyvity.com\/vi\/cong-bo-phap-li\/#breadcrumb"},"inLanguage":"vi-VN","potentialAction":[{"@type":"ReadAction","target":["https:\/\/www.hyvity.com\/vi\/cong-bo-phap-li\/"]}]},{"@type":"BreadcrumbList","@id":"https:\/\/www.hyvity.com\/vi\/cong-bo-phap-li\/#breadcrumb","itemListElement":[{"@type":"ListItem","position":1,"name":"Accueil","item":"https:\/\/www.hyvity.com\/vi\/"},{"@type":"ListItem","position":2,"name":"C\u00f4ng b\u1ed1 ph\u00e1p l\u00ed"}]},{"@type":"WebSite","@id":"https:\/\/www.hyvity.com\/vi\/#website","url":"https:\/\/www.hyvity.com\/vi\/","name":"hyvity","description":"","potentialAction":[{"@type":"SearchAction","target":{"@type":"EntryPoint","urlTemplate":"https:\/\/www.hyvity.com\/vi\/?s={search_term_string}"},"query-input":"required name=search_term_string"}],"inLanguage":"vi-VN"}]}},"_links":{"self":[{"href":"https:\/\/www.hyvity.com\/vi\/wp-json\/wp\/v2\/pages\/2550"}],"collection":[{"href":"https:\/\/www.hyvity.com\/vi\/wp-json\/wp\/v2\/pages"}],"about":[{"href":"https:\/\/www.hyvity.com\/vi\/wp-json\/wp\/v2\/types\/page"}],"author":[{"embeddable":true,"href":"https:\/\/www.hyvity.com\/vi\/wp-json\/wp\/v2\/users\/3"}],"replies":[{"embeddable":true,"href":"https:\/\/www.hyvity.com\/vi\/wp-json\/wp\/v2\/comments?post=2550"}],"version-history":[{"count":4,"href":"https:\/\/www.hyvity.com\/vi\/wp-json\/wp\/v2\/pages\/2550\/revisions"}],"predecessor-version":[{"id":2754,"href":"https:\/\/www.hyvity.com\/vi\/wp-json\/wp\/v2\/pages\/2550\/revisions\/2754"}],"wp:attachment":[{"href":"https:\/\/www.hyvity.com\/vi\/wp-json\/wp\/v2\/media?parent=2550"}],"curies":[{"name":"wp","href":"https:\/\/api.w.org\/{rel}","templated":true}]}}